{"id":7,"date":"2018-09-10T18:37:11","date_gmt":"2018-09-10T16:37:11","guid":{"rendered":"http:\/\/scheibel.fr\/?page_id=7"},"modified":"2024-09-05T10:42:46","modified_gmt":"2024-09-05T08:42:46","slug":"accueil","status":"publish","type":"page","link":"https:\/\/scheibel.fr\/","title":{"rendered":"Accueil"},"content":{"rendered":"<p><strong><u>Ce que je propose<\/u><\/strong><\/p>\n<p>Fort de vingt ans d\u2019exp\u00e9rience en la mati\u00e8re j\u2019aide les entreprises Allemande \u00e0 comprendre le potentiel commercial de se vendre en France.<\/p>\n<p>Plus de trente ann\u00e9es de technique et de commerce.<\/p>\n<p>J\u2019analyse votre situation actuelle et votre entreprise par rapport au march\u00e9 Fran\u00e7ais.<\/p>\n<p>Je prends connaissance de votre probl\u00e9matique.<\/p>\n<p>J\u2019\u00e9tablie un diagnostic op\u00e9rationnel pouvant \u00eatre accompagner d\u2019un Business Plan.<\/p>\n<p>Je vous propose des actions op\u00e9rationnelles afin de r\u00e9soudre les probl\u00e8mes identifi\u00e9s en d\u00e9finissant les modalit\u00e9s de mise en \u0153uvre des actions retenues (caract\u00e9ristiques, planning, budget, etc.).<\/p>\n<p>Je peux vous accompagner dans la mise en \u0153uvre des solutions retenues.<\/p>\n<p>Je forme \/ Coache vos collaborateurs.<\/p>\n<p><strong><u>Was ich anbiete:<\/u><\/strong><\/p>\n<p>Mit zwanzig Jahren Erfahrung in diesem Bereich helfe ich deutschen Unternehmen, das kommerzielle Potenzial des Verkaufs in Frankreich zu verstehen.<\/p>\n<p>Mehr als drei\u00dfig Jahre Technik und Vertrieb.<\/p>\n<p>Ich analysiere Ihre aktuelle Situation und Ihr Unternehmen in Bezug auf den franz\u00f6sischen Markt.<\/p>\n<p>Ich bin mir Ihren Problemen bewusst.<\/p>\n<p>Ich erstelle eine Betriebsdiagnose, die von einem Businessplan begleitet werden kann.<\/p>\n<p>Ich schlage operationelle Ma\u00dfnahmen vor, um die festgestellten Probleme zu l\u00f6sen, indem ich die Modalit\u00e4ten f\u00fcr die Durchf\u00fchrung der ausgew\u00e4hlten Ma\u00dfnahmen (Merkmale, Zeitplan, Budget usw.) festlege.<\/p>\n<p>Ich unterst\u00fctze Sie bei der Umsetzung der gew\u00e4hlten L\u00f6sungen.<\/p>\n","protected":false},"excerpt":{"rendered":"<p>Ce que je propose Fort de vingt ans d\u2019exp\u00e9rience en la mati\u00e8re j\u2019aide les entreprises Allemande \u00e0 comprendre le potentiel commercial de se vendre en France. Plus de trente ann\u00e9es de technique et de commerce. J\u2019analyse votre situation actuelle et votre entreprise par rapport au march\u00e9 Fran\u00e7ais. Je prends connaissance de votre probl\u00e9matique. J\u2019\u00e9tablie un &hellip; <\/p>\n<p class=\"link-more\"><a href=\"https:\/\/scheibel.fr\/\" class=\"more-link\">Continuer la lecture<span class=\"screen-reader-text\"> de &laquo;&nbsp;Accueil&nbsp;&raquo;<\/span><\/a><\/p>\n","protected":false},"author":1,"featured_media":0,"parent":0,"menu_order":0,"comment_status":"closed","ping_status":"closed","template":"","meta":{"footnotes":""},"class_list":["post-7","page","type-page","status-publish","hentry"],"_links":{"self":[{"href":"https:\/\/scheibel.fr\/index.php\/wp-json\/wp\/v2\/pages\/7","targetHints":{"allow":["GET"]}}],"collection":[{"href":"https:\/\/scheibel.fr\/index.php\/wp-json\/wp\/v2\/pages"}],"about":[{"href":"https:\/\/scheibel.fr\/index.php\/wp-json\/wp\/v2\/types\/page"}],"author":[{"embeddable":true,"href":"https:\/\/scheibel.fr\/index.php\/wp-json\/wp\/v2\/users\/1"}],"replies":[{"embeddable":true,"href":"https:\/\/scheibel.fr\/index.php\/wp-json\/wp\/v2\/comments?post=7"}],"version-history":[{"count":4,"href":"https:\/\/scheibel.fr\/index.php\/wp-json\/wp\/v2\/pages\/7\/revisions"}],"predecessor-version":[{"id":103,"href":"https:\/\/scheibel.fr\/index.php\/wp-json\/wp\/v2\/pages\/7\/revisions\/103"}],"wp:attachment":[{"href":"https:\/\/scheibel.fr\/index.php\/wp-json\/wp\/v2\/media?parent=7"}],"curies":[{"name":"wp","href":"https:\/\/api.w.org\/{rel}","templated":true}]}}