{"id":29,"date":"2020-05-12T07:22:38","date_gmt":"2020-05-12T05:22:38","guid":{"rendered":"http:\/\/scheibel.fr\/?page_id=29"},"modified":"2024-09-06T13:58:07","modified_gmt":"2024-09-06T11:58:07","slug":"le-boxer","status":"publish","type":"page","link":"https:\/\/scheibel.fr\/index.php\/accueil\/le-boxer\/","title":{"rendered":"1 Mon parcours\u00a0\/ Mein Hintergrund"},"content":{"rendered":"\n<p>-Interface Technique et Commercial entre la Maison m\u00e8re de Siemens Telecom et le client France Telecom, rendant des comptes au Vice Pr\u00e9sident de la Division&nbsp;:<\/p>\n\n\n\n<p>Facilit\u00e9 l\u2019\u00e9change avec le client, son R&amp;D, sa logistique. Compr\u00e9hension multiculturelle.<\/p>\n\n\n\n<p>-Responsable ADV de la succursale Fran\u00e7aise d\u2019une soci\u00e9t\u00e9 Allemande cot\u00e9 en Bourse&nbsp;:<\/p>\n\n\n\n<p>Etudes et prise en compte du fonctionnement du circuit commercial et logistique Allemand afin de l\u2019adapter \u00e0 la succursale Fran\u00e7aise. Gain en efficacit\u00e9.<\/p>\n\n\n\n<p>-Cr\u00e9ation d\u2019une succursale pour une soci\u00e9t\u00e9 Allemande dans le Photovoltaic<\/p>\n\n\n\n<p>Gestion de la succursale, ouverture de compte au grand acteur nationaux.<\/p>\n\n\n\n<p>-Business d\u00e9veloppement pour deux entreprises Allemande dans la filtration de l\u2019air avec une sp\u00e9cialisation de l\u2019industrie de pointe.<\/p>\n\n\n\n<p>Acquisition de grand acteur de l\u2019industrie alimentaire, chimique et pharmaceutique. &nbsp;Pr\u00e9sentation des entreprises \u00e0 la presse national,<\/p>\n\n\n\n<p>-Business d\u00e9veloppement pour une entreprise Allemande sp\u00e9cialis\u00e9 dans le Retrofit de machines de production de l\u2019industrie pharmaceutique.<\/p>\n\n\n\n<p>Acquisition de soci\u00e9t\u00e9 national et international de l\u2019industrie pharmaceutique.<\/p>\n\n\n\n<p>Pr\u00e9sentation du concept r\u00e9utilisez au lieu de jeter \u00e0 la presse nationale.<\/p>\n\n\n\n<p><\/p>\n\n\n\n<p><strong>Deutsch<\/strong><\/p>\n\n\n\n<p>\u2022 Technische und kommerzielle Schnittstelle zwischen der Muttergesellschaft von Siemens (Telekom) und dem Kunden France Telecom, direkt Bericht an den Vice President der Abteilung:<\/p>\n\n\n\n<p>Erleichtert den Austausch mit dem Kunden, seiner Forschung und Entwicklung, seiner Logistik. Multikulturelles Verst\u00e4ndnis.<\/p>\n\n\n\n<p>-Verkaufsleiter der franz\u00f6sischen Niederlassung eines b\u00f6rsennotierten deutschen Unternehmens:<\/p>\n\n\n\n<p>Studien und \u00dcberlegungen zur Funktionsweise des deutschen Vertriebs- und Logistikkreislaufs, um ihn an die franz\u00f6sische Niederlassung anzupassen. Effizienzgewinn.<\/p>\n\n\n\n<p>&#8211; Gr\u00fcndung einer Niederlassung f\u00fcr ein deutsches Unternehmen im Bereich Photovoltaik<\/p>\n\n\n\n<p>Leitung der Filiale, Er\u00f6ffnung eines Kontos bei den wichtigsten nationalen Akteuren.<\/p>\n\n\n\n<p>-Gesch\u00e4ftsentwicklung f\u00fcr zwei deutsche Unternehmen im Bereich der Luftfiltration mit Spezialisierung auf die High-Tech-Industrie.<\/p>\n\n\n\n<p>Akquisition von Hauptakteuren der Lebensmittel-, Chemie- und Pharmaindustrie.&nbsp; Pr\u00e4sentation der Unternehmen vor der nationalen Presse,<\/p>\n\n\n\n<p>-Business Development f\u00fcr ein deutsches Unternehmen, das sich auf das Retrofit von Produktionsmaschinen f\u00fcr die pharmazeutische Industrie spezialisiert hat.<\/p>\n\n\n\n<p>Akquisition von nationalen und internationalen Unternehmen der pharmazeutischen Industrie.<\/p>\n\n\n\n<p>Pr\u00e4sentation des Konzepts Wiederverwendung statt Wegwerfen in die nationale Presse,<\/p>\n","protected":false},"excerpt":{"rendered":"<p>-Interface Technique et Commercial entre la Maison m\u00e8re de Siemens Telecom et le client France Telecom, rendant des comptes au Vice Pr\u00e9sident de la Division&nbsp;: Facilit\u00e9 l\u2019\u00e9change avec le client, son R&amp;D, sa logistique. Compr\u00e9hension multiculturelle. -Responsable ADV de la succursale Fran\u00e7aise d\u2019une soci\u00e9t\u00e9 Allemande cot\u00e9 en Bourse&nbsp;: Etudes et prise en compte du fonctionnement &hellip; <\/p>\n<p class=\"link-more\"><a href=\"https:\/\/scheibel.fr\/index.php\/accueil\/le-boxer\/\" class=\"more-link\">Continuer la lecture<span class=\"screen-reader-text\"> de &laquo;&nbsp;1 Mon parcours\u00a0\/ Mein Hintergrund&nbsp;&raquo;<\/span><\/a><\/p>\n","protected":false},"author":1,"featured_media":0,"parent":7,"menu_order":0,"comment_status":"closed","ping_status":"closed","template":"","meta":{"footnotes":""},"class_list":["post-29","page","type-page","status-publish","hentry"],"_links":{"self":[{"href":"https:\/\/scheibel.fr\/index.php\/wp-json\/wp\/v2\/pages\/29","targetHints":{"allow":["GET"]}}],"collection":[{"href":"https:\/\/scheibel.fr\/index.php\/wp-json\/wp\/v2\/pages"}],"about":[{"href":"https:\/\/scheibel.fr\/index.php\/wp-json\/wp\/v2\/types\/page"}],"author":[{"embeddable":true,"href":"https:\/\/scheibel.fr\/index.php\/wp-json\/wp\/v2\/users\/1"}],"replies":[{"embeddable":true,"href":"https:\/\/scheibel.fr\/index.php\/wp-json\/wp\/v2\/comments?post=29"}],"version-history":[{"count":4,"href":"https:\/\/scheibel.fr\/index.php\/wp-json\/wp\/v2\/pages\/29\/revisions"}],"predecessor-version":[{"id":118,"href":"https:\/\/scheibel.fr\/index.php\/wp-json\/wp\/v2\/pages\/29\/revisions\/118"}],"up":[{"embeddable":true,"href":"https:\/\/scheibel.fr\/index.php\/wp-json\/wp\/v2\/pages\/7"}],"wp:attachment":[{"href":"https:\/\/scheibel.fr\/index.php\/wp-json\/wp\/v2\/media?parent=29"}],"curies":[{"name":"wp","href":"https:\/\/api.w.org\/{rel}","templated":true}]}}