{"id":126,"date":"2024-09-06T14:06:35","date_gmt":"2024-09-06T12:06:35","guid":{"rendered":"https:\/\/scheibel.fr\/?page_id=126"},"modified":"2024-09-06T14:06:35","modified_gmt":"2024-09-06T12:06:35","slug":"5-conseil-formation-commerciaux-vertrieb-schulung","status":"publish","type":"page","link":"https:\/\/scheibel.fr\/index.php\/5-conseil-formation-commerciaux-vertrieb-schulung\/","title":{"rendered":"5 Conseil &#8211; \u00a0formation commerciaux \/ Vertrieb Schulung"},"content":{"rendered":"\n<p><strong>Coaching de vente dans la vente B2B<\/strong><\/p>\n\n\n\n<p>En tant que coach de vente, mon \u00e9quipe et moi vous accompagnons dans la mise en place de toutes les mesures n\u00e9cessaires et l\u2019atteinte plus rapide de vos objectifs de vente.<\/p>\n\n\n\n<p>Coaching de vente \u2013 Augmentez votre succ\u00e8s commercial gr\u00e2ce au coaching individuel<\/p>\n\n\n\n<p>Notre coaching de vente offre un soutien individuel \u00e0 la direction des ventes et aux employ\u00e9s. Les probl\u00e8mes peuvent \u00eatre trait\u00e9s et r\u00e9solus rapidement, tout en n\u2019\u00e9tant gu\u00e8re entrav\u00e9s dans les affaires quotidiennes. Le coaching de vente aide, entre autres :<\/p>\n\n\n\n<p>\u2022 Am\u00e9liorez vos argumentaires de vente<\/p>\n\n\n\n<p>\u2022 Motiver et d\u00e9velopper le personnel de vente<\/p>\n\n\n\n<p>\u2022 Ma\u00eetrisez le d\u00e9marchage t\u00e9l\u00e9phonique et augmentez vos ventes<\/p>\n\n\n\n<p>\u2022 Pour mieux g\u00e9rer les n\u00e9gociations difficiles sur les prix<\/p>\n\n\n\n<p>\u2022 Mener au mieux les \u00e9valuations difficiles des employ\u00e9s<\/p>\n\n\n\n<p>\u2022 Gagnez en clart\u00e9 et prenez les bons gestes<\/p>\n\n\n\n<p>\u2022 Ma\u00eetriser efficacement les d\u00e9fis inhabituels<\/p>\n\n\n\n<p><strong>Vertriebscoaching im B2B Vertrieb<\/strong><\/p>\n\n\n\n<p><strong>Als Vertriebscoach unterst\u00fctzen ich und mein Team Sie dabei, alle notwendigen Ma\u00dfnahmen umzusetzen und Ihre Vertriebsziele schneller zu erreichen<\/strong><\/p>\n\n\n\n<p>Vertriebscoaching \u2013 Steigern Sie Ihren Vertriebserfolg durch individuelles Coaching<\/p>\n\n\n\n<p>Unser Vertriebscoaching bietet individuelle Unterst\u00fctzung f\u00fcr Vertriebsleitung und Mitarbeiter. Probleme k\u00f6nnen schnell bearbeitet und gel\u00f6st werden, gleichzeitig wird das Tagesgesch\u00e4ft kaum behindert. Das Vertriebscoaching hilft unter anderem:<\/p>\n\n\n\n<ul class=\"wp-block-list\">\n<li>Ihre Verkaufsgespr\u00e4che zu verbessern<\/li>\n\n\n\n<li>Die Vertriebsmitarbeiter zu motivieren und zu f\u00f6rdern<\/li>\n\n\n\n<li>Kaltakquise zu meistern und Ihre Verkaufsabschl\u00fcsse zu erh\u00f6hen<\/li>\n\n\n\n<li>Harten Preisverhandlungen besser zu begegnen<\/li>\n\n\n\n<li>Schwierige Mitarbeitergespr\u00e4che optimal zu f\u00fchren<\/li>\n\n\n\n<li>Klarheit zu gewinnen und die richtigen Ma\u00dfnahmen einzuleiten<\/li>\n\n\n\n<li>Ungew\u00f6hnliche Herausforderungen effektiv zu meistern<\/li>\n<\/ul>\n\n\n\n<p>Ma\u00dfgeschneidertes Vertriebscoaching motiviert und hilft Zeit und Geld zu sparen<\/p>\n\n\n\n<p>Im Gegensatz zu standardisierten Trainings und Seminaren ist unser ma\u00dfgeschneidertes Vertriebscoaching darauf ausgerichtet, Ihre spezifischen Anforderungen und Herausforderungen<\/p>\n","protected":false},"excerpt":{"rendered":"<p>Coaching de vente dans la vente B2B En tant que coach de vente, mon \u00e9quipe et moi vous accompagnons dans la mise en place de toutes les mesures n\u00e9cessaires et l\u2019atteinte plus rapide de vos objectifs de vente. Coaching de vente \u2013 Augmentez votre succ\u00e8s commercial gr\u00e2ce au coaching individuel Notre coaching de vente offre &hellip; <\/p>\n<p class=\"link-more\"><a href=\"https:\/\/scheibel.fr\/index.php\/5-conseil-formation-commerciaux-vertrieb-schulung\/\" class=\"more-link\">Continuer la lecture<span class=\"screen-reader-text\"> de &laquo;&nbsp;5 Conseil &#8211; \u00a0formation commerciaux \/ Vertrieb Schulung&nbsp;&raquo;<\/span><\/a><\/p>\n","protected":false},"author":1,"featured_media":0,"parent":0,"menu_order":0,"comment_status":"closed","ping_status":"closed","template":"","meta":{"footnotes":""},"class_list":["post-126","page","type-page","status-publish","hentry"],"_links":{"self":[{"href":"https:\/\/scheibel.fr\/index.php\/wp-json\/wp\/v2\/pages\/126","targetHints":{"allow":["GET"]}}],"collection":[{"href":"https:\/\/scheibel.fr\/index.php\/wp-json\/wp\/v2\/pages"}],"about":[{"href":"https:\/\/scheibel.fr\/index.php\/wp-json\/wp\/v2\/types\/page"}],"author":[{"embeddable":true,"href":"https:\/\/scheibel.fr\/index.php\/wp-json\/wp\/v2\/users\/1"}],"replies":[{"embeddable":true,"href":"https:\/\/scheibel.fr\/index.php\/wp-json\/wp\/v2\/comments?post=126"}],"version-history":[{"count":1,"href":"https:\/\/scheibel.fr\/index.php\/wp-json\/wp\/v2\/pages\/126\/revisions"}],"predecessor-version":[{"id":128,"href":"https:\/\/scheibel.fr\/index.php\/wp-json\/wp\/v2\/pages\/126\/revisions\/128"}],"wp:attachment":[{"href":"https:\/\/scheibel.fr\/index.php\/wp-json\/wp\/v2\/media?parent=126"}],"curies":[{"name":"wp","href":"https:\/\/api.w.org\/{rel}","templated":true}]}}