{"id":120,"date":"2024-09-06T14:01:24","date_gmt":"2024-09-06T12:01:24","guid":{"rendered":"https:\/\/scheibel.fr\/?page_id=120"},"modified":"2024-09-06T14:01:24","modified_gmt":"2024-09-06T12:01:24","slug":"3-conseil-aux-marketing-marketingberatung","status":"publish","type":"page","link":"https:\/\/scheibel.fr\/index.php\/3-conseil-aux-marketing-marketingberatung\/","title":{"rendered":"3 Conseil aux Marketing \/ Marketingberatung"},"content":{"rendered":"\n<p><strong>Conseils marketing<\/strong>&nbsp;:<\/p>\n\n\n\n<p>En tant que consultant marketing, j&rsquo;accompagne les entreprise Allemande sur l\u2019approche du march\u00e9 Fran\u00e7ais.<\/p>\n\n\n\n<p>Peut-\u00eatre que le march\u00e9 est en d\u00e9clin, que la concurrence est devenue plus forte ou qu&rsquo;il faut conqu\u00e9rir de nouveaux groupes cibles. Ou bien l&rsquo;entreprise souhaite se d\u00e9velopper et recherche des moyens appropri\u00e9s pour acqu\u00e9rir de nouveaux clients. \u00c0 la fin de la consultation marketing, l\u2019accent est mis sur l\u2019augmentation des ventes et\/ou l\u2019am\u00e9lioration des marges.<\/p>\n\n\n\n<p>On suppose souvent que les conseils en marketing impliquent quelques mesures publicitaires, mais une augmentation efficace et durable des ventes en n\u00e9cessite davantage. C&rsquo;est pourquoi, en tant que consultant en marketing, je couvre l&rsquo;ensemble du spectre : depuis l&rsquo;analyse de l&rsquo;assortiment ou du produit, en passant par les comparaisons concurrentielles et les analyses de groupes cibles jusqu&rsquo;\u00e0 la mise en \u0153uvre de mesures de vente et de publicit\u00e9 individuelles, j&rsquo;accompagne mes clients.<\/p>\n\n\n\n<p>Ma consultation marketing commence par une br\u00e8ve analyse dans laquelle je travaille avec vous pour identifier les goulots d&rsquo;\u00e9tranglement les plus importants. Cela ne sert \u00e0 rien si nous d\u00e9veloppons un nouveau concept de marketing en ligne ou une nouvelle campagne publicitaire mais que vous n&rsquo;avez pas encore trouv\u00e9 votre groupe cible optimal ou que vous n&rsquo;avez pas encore pu d\u00e9terminer la meilleure USP ou valeur ajout\u00e9e possible pour vos produits. Sur cette base, nous d\u00e9terminons votre strat\u00e9gie marketing et d\u00e9veloppons votre concept marketing avec le plan d&rsquo;action marketing correspondant.<\/p>\n\n\n\n<p><strong>Marketingberatung:<\/strong><\/p>\n\n\n\n<p>Als Marketingberater unterst\u00fctze ich Deutsche Firmen f\u00fcr die Marketing Strategie in Frankreich.<\/p>\n\n\n\n<p>Vielleicht ist der Markt r\u00fcckl\u00e4ufig, der Wettbewerb ist st\u00e4rker geworden oder es m\u00fcssen neue Zielgruppen gewonnen werden. Oder das Unternehmen will wachsen und sucht nach geeigneten Wegen, neue Kunden zu gewinnen. Am Ende der Marketingberatung steht die Umsatzsteigerung und\/ oder Margenverbesserung im&nbsp;Fokus.<\/p>\n\n\n\n<p>Oft vermutet man hinter einer Marketingberatung ein paar Werbema\u00dfnahmen, aber eine effektive und nachhaltige Umsatzsteigerung ben\u00f6tigt mehr. Deshalb bilde ich als Marketingberater das komplette Spektrum ab: Angefangen bei der Sortiments- oder Produktanalyse \u00fcber Wettbewerbsvergleiche und Zielgruppenanalysen bis hin zur Umsetzungsbegleitung der einzelnen Vertriebs- und Werbema\u00dfnahmen unterst\u00fctze ich meine Kunden.<\/p>\n\n\n\n<p>Am Anfang meiner Marketingberatung steht eine Kurzanalyse, bei der ich mit Ihnen gemeinsam die wichtigsten Engp\u00e4sse herausarbeite. Es n\u00fctzt wenig, wenn wir ein neues Onlinemarketing-Konzept oder eine Werbekampagne entwickeln, Sie bisher aber nicht Ihre optimale Zielgruppe gefunden haben oder den bestm\u00f6glichen USP bzw. Mehrwert Ihrer Produkte herausarbeiten konnten. Auf dieser Basis legen wir Ihre Marketingstrategie fest und entwickeln Ihr Marketingkonzept mit dem entsprechenden Marketingma\u00dfnahmenplan.<\/p>\n","protected":false},"excerpt":{"rendered":"<p>Conseils marketing&nbsp;: En tant que consultant marketing, j&rsquo;accompagne les entreprise Allemande sur l\u2019approche du march\u00e9 Fran\u00e7ais. Peut-\u00eatre que le march\u00e9 est en d\u00e9clin, que la concurrence est devenue plus forte ou qu&rsquo;il faut conqu\u00e9rir de nouveaux groupes cibles. Ou bien l&rsquo;entreprise souhaite se d\u00e9velopper et recherche des moyens appropri\u00e9s pour acqu\u00e9rir de nouveaux clients. \u00c0 &hellip; <\/p>\n<p class=\"link-more\"><a href=\"https:\/\/scheibel.fr\/index.php\/3-conseil-aux-marketing-marketingberatung\/\" class=\"more-link\">Continuer la lecture<span class=\"screen-reader-text\"> de &laquo;&nbsp;3 Conseil aux Marketing \/ Marketingberatung&nbsp;&raquo;<\/span><\/a><\/p>\n","protected":false},"author":1,"featured_media":0,"parent":0,"menu_order":0,"comment_status":"closed","ping_status":"closed","template":"","meta":{"footnotes":""},"class_list":["post-120","page","type-page","status-publish","hentry"],"_links":{"self":[{"href":"https:\/\/scheibel.fr\/index.php\/wp-json\/wp\/v2\/pages\/120","targetHints":{"allow":["GET"]}}],"collection":[{"href":"https:\/\/scheibel.fr\/index.php\/wp-json\/wp\/v2\/pages"}],"about":[{"href":"https:\/\/scheibel.fr\/index.php\/wp-json\/wp\/v2\/types\/page"}],"author":[{"embeddable":true,"href":"https:\/\/scheibel.fr\/index.php\/wp-json\/wp\/v2\/users\/1"}],"replies":[{"embeddable":true,"href":"https:\/\/scheibel.fr\/index.php\/wp-json\/wp\/v2\/comments?post=120"}],"version-history":[{"count":1,"href":"https:\/\/scheibel.fr\/index.php\/wp-json\/wp\/v2\/pages\/120\/revisions"}],"predecessor-version":[{"id":122,"href":"https:\/\/scheibel.fr\/index.php\/wp-json\/wp\/v2\/pages\/120\/revisions\/122"}],"wp:attachment":[{"href":"https:\/\/scheibel.fr\/index.php\/wp-json\/wp\/v2\/media?parent=120"}],"curies":[{"name":"wp","href":"https:\/\/api.w.org\/{rel}","templated":true}]}}