{"id":114,"date":"2024-09-06T13:53:55","date_gmt":"2024-09-06T11:53:55","guid":{"rendered":"https:\/\/scheibel.fr\/?page_id=114"},"modified":"2024-09-06T13:59:20","modified_gmt":"2024-09-06T11:59:20","slug":"conseil-aux-entreprises","status":"publish","type":"page","link":"https:\/\/scheibel.fr\/index.php\/conseil-aux-entreprises\/","title":{"rendered":"2 Conseil aux entreprises \/  Unternehmensberatung"},"content":{"rendered":"\n<p><strong>Conseil en management et coaching d&rsquo;entreprise :<\/strong><\/p>\n\n\n\n<p>J\u2019&rsquo;accompagne des entreprises Allemande pour leur pr\u00e9sence en France.<\/p>\n\n\n\n<p>Les th\u00e8mes du conseil n\u2019ont en r\u00e9alit\u00e9 jamais chang\u00e9. \u00ab&nbsp;Comment pouvons-nous r\u00e9aliser plus de ventes, acqu\u00e9rir de nouveaux clients et\/ou comment pouvons-nous mieux g\u00e9rer et organiser notre entreprise&nbsp;?&nbsp;\u00bb \u2013 Ce sont les questions typiques que je me pose en tant que consultant en management.<\/p>\n\n\n\n<p><strong>Unternehmensberatung und Businesscoaching:<\/strong><\/p>\n\n\n\n<p>Ich betreue deutsche Unternehmen f\u00fcr ihre Anwesenheit in Frankreich.<\/p>\n\n\n\n<p>Die Beratungsthemen haben sich eigentlich nie ge\u00e4ndert.&nbsp;\u201cWie k\u00f6nnen wir mehr Umsatz machen, neue Kunden gewinnen und\/oder wie k\u00f6nnen wir unser Unternehmen besser f\u00fchren und organisieren?\u201d&nbsp;\u2013 Das sind die typischen Fragen an mich als Unternehmensberater.<\/p>\n","protected":false},"excerpt":{"rendered":"<p>Conseil en management et coaching d&rsquo;entreprise : J\u2019&rsquo;accompagne des entreprises Allemande pour leur pr\u00e9sence en France. Les th\u00e8mes du conseil n\u2019ont en r\u00e9alit\u00e9 jamais chang\u00e9. \u00ab&nbsp;Comment pouvons-nous r\u00e9aliser plus de ventes, acqu\u00e9rir de nouveaux clients et\/ou comment pouvons-nous mieux g\u00e9rer et organiser notre entreprise&nbsp;?&nbsp;\u00bb \u2013 Ce sont les questions typiques que je me pose en &hellip; <\/p>\n<p class=\"link-more\"><a href=\"https:\/\/scheibel.fr\/index.php\/conseil-aux-entreprises\/\" class=\"more-link\">Continuer la lecture<span class=\"screen-reader-text\"> de &laquo;&nbsp;2 Conseil aux entreprises \/  Unternehmensberatung&nbsp;&raquo;<\/span><\/a><\/p>\n","protected":false},"author":1,"featured_media":0,"parent":0,"menu_order":0,"comment_status":"closed","ping_status":"closed","template":"","meta":{"footnotes":""},"class_list":["post-114","page","type-page","status-publish","hentry"],"_links":{"self":[{"href":"https:\/\/scheibel.fr\/index.php\/wp-json\/wp\/v2\/pages\/114","targetHints":{"allow":["GET"]}}],"collection":[{"href":"https:\/\/scheibel.fr\/index.php\/wp-json\/wp\/v2\/pages"}],"about":[{"href":"https:\/\/scheibel.fr\/index.php\/wp-json\/wp\/v2\/types\/page"}],"author":[{"embeddable":true,"href":"https:\/\/scheibel.fr\/index.php\/wp-json\/wp\/v2\/users\/1"}],"replies":[{"embeddable":true,"href":"https:\/\/scheibel.fr\/index.php\/wp-json\/wp\/v2\/comments?post=114"}],"version-history":[{"count":2,"href":"https:\/\/scheibel.fr\/index.php\/wp-json\/wp\/v2\/pages\/114\/revisions"}],"predecessor-version":[{"id":119,"href":"https:\/\/scheibel.fr\/index.php\/wp-json\/wp\/v2\/pages\/114\/revisions\/119"}],"wp:attachment":[{"href":"https:\/\/scheibel.fr\/index.php\/wp-json\/wp\/v2\/media?parent=114"}],"curies":[{"name":"wp","href":"https:\/\/api.w.org\/{rel}","templated":true}]}}